{"id":8272,"date":"2024-10-08T10:23:16","date_gmt":"2024-10-08T10:23:16","guid":{"rendered":"https:\/\/skills4lac.penworldwide.org\/?page_id=8272"},"modified":"2025-11-28T14:47:42","modified_gmt":"2025-11-28T14:47:42","slug":"summit","status":"publish","type":"page","link":"http:\/\/skills4lac.penworldwide.org\/es\/summit\/","title":{"rendered":"Resumen de la cumbre"},"content":{"rendered":"<div data-elementor-type=\"wp-page\" data-elementor-id=\"8272\" class=\"elementor elementor-8272\" data-elementor-post-type=\"page\">\n\t\t\t\t\t\t<section data-particle_enable=\"false\" data-particle-mobile-disabled=\"false\" class=\"elementor-section elementor-top-section elementor-element elementor-element-2837532 elementor-section-boxed elementor-section-height-default elementor-section-height-default\" data-id=\"2837532\" data-element_type=\"section\" data-e-type=\"section\">\n\t\t\t\t\t\t<div class=\"elementor-container elementor-column-gap-default\">\n\t\t\t\t\t<div class=\"elementor-column elementor-col-100 elementor-top-column elementor-element elementor-element-73a6a3b\" data-id=\"73a6a3b\" data-element_type=\"column\" data-e-type=\"column\">\n\t\t\t<div class=\"elementor-widget-wrap elementor-element-populated\">\n\t\t\t\t\t\t<div class=\"elementor-element elementor-element-b81724c elementor-widget elementor-widget-heading\" data-id=\"b81724c\" data-element_type=\"widget\" data-e-type=\"widget\" data-widget_type=\"heading.default\">\n\t\t\t\t<div class=\"elementor-widget-container\">\n\t\t\t\t\t<h1 class=\"elementor-heading-title elementor-size-default\">Cumbre<\/h1>\t\t\t\t<\/div>\n\t\t\t\t<\/div>\n\t\t\t\t\t<\/div>\n\t\t<\/div>\n\t\t\t\t\t<\/div>\n\t\t<\/section>\n\t\t\t\t<section data-particle_enable=\"false\" data-particle-mobile-disabled=\"false\" class=\"elementor-section elementor-top-section elementor-element elementor-element-8a28e8a elementor-section-boxed elementor-section-height-default elementor-section-height-default\" data-id=\"8a28e8a\" data-element_type=\"section\" data-e-type=\"section\">\n\t\t\t\t\t\t<div class=\"elementor-container elementor-column-gap-default\">\n\t\t\t\t\t<div class=\"elementor-column elementor-col-50 elementor-top-column elementor-element elementor-element-b9c1a1e\" data-id=\"b9c1a1e\" data-element_type=\"column\" data-e-type=\"column\">\n\t\t\t<div class=\"elementor-widget-wrap elementor-element-populated\">\n\t\t\t\t\t\t<div class=\"elementor-element elementor-element-6c43cdf elementor-widget elementor-widget-text-editor\" data-id=\"6c43cdf\" data-element_type=\"widget\" data-e-type=\"widget\" data-widget_type=\"text-editor.default\">\n\t\t\t\t<div class=\"elementor-widget-container\">\n\t\t\t\t\t\t\t\t\t<p style=\"text-align: justify;\">En <strong>Cumbre Skills4LAC 2025<\/strong> es un foro \u00fanico para profesionales de <strong>Am\u00e9rica Latina y el Caribe, as\u00ed como expertos mundiales<\/strong> participar en sesiones informativas e intercambios sobre la formaci\u00f3n en el trabajo.<\/p><p style=\"text-align: justify;\">En el programa encontrar\u00e1 mesas redondas dirigidas por expertos, sesiones interactivas y oportunidades para establecer contactos dirigidas a <strong>impulsar la colaboraci\u00f3n y la innovaci\u00f3n<\/strong> que beneficia a alumnos, formadores y responsables de la toma de decisiones, as\u00ed como informaci\u00f3n sobre las \u00faltimas tendencias en formaci\u00f3n en el lugar de trabajo.<\/p><p style=\"text-align: justify;\">A trav\u00e9s de un aprendizaje basado en la pr\u00e1ctica, los participantes desarrollan habilidades esenciales como la resoluci\u00f3n de problemas, el trabajo en equipo, el liderazgo y la innovaci\u00f3n, prepar\u00e1ndoles para el \u00e9xito en el mercado global.<\/p>\t\t\t\t\t\t\t\t<\/div>\n\t\t\t\t<\/div>\n\t\t\t\t\t<\/div>\n\t\t<\/div>\n\t\t\t\t<div class=\"elementor-column elementor-col-50 elementor-top-column elementor-element elementor-element-b81ca85\" data-id=\"b81ca85\" data-element_type=\"column\" data-e-type=\"column\">\n\t\t\t<div class=\"elementor-widget-wrap elementor-element-populated\">\n\t\t\t\t\t\t<div class=\"elementor-element elementor-element-2bd3823 elementor-widget elementor-widget-image\" data-id=\"2bd3823\" data-element_type=\"widget\" data-e-type=\"widget\" data-widget_type=\"image.default\">\n\t\t\t\t<div class=\"elementor-widget-container\">\n\t\t\t\t\t\t\t\t\t\t\t\t\t\t\t<img fetchpriority=\"high\" decoding=\"async\" width=\"255\" height=\"375\" src=\"https:\/\/skills4lac.penworldwide.org\/wp-content\/uploads\/2024\/08\/Save-the-Date-vertical.gif\" class=\"attachment-large size-large wp-image-7883\" alt=\"Save the Date Skills4LAC\" \/>\t\t\t\t\t\t\t\t\t\t\t\t\t\t\t<\/div>\n\t\t\t\t<\/div>\n\t\t\t\t\t<\/div>\n\t\t<\/div>\n\t\t\t\t\t<\/div>\n\t\t<\/section>\n\t\t\t\t<section data-particle_enable=\"false\" data-particle-mobile-disabled=\"false\" class=\"elementor-section elementor-top-section elementor-element elementor-element-6118397 elementor-section-boxed elementor-section-height-default elementor-section-height-default\" data-id=\"6118397\" data-element_type=\"section\" data-e-type=\"section\">\n\t\t\t\t\t\t<div class=\"elementor-container elementor-column-gap-default\">\n\t\t\t\t\t<div class=\"elementor-column elementor-col-100 elementor-top-column elementor-element elementor-element-e15f4b0\" data-id=\"e15f4b0\" data-element_type=\"column\" data-e-type=\"column\">\n\t\t\t<div class=\"elementor-widget-wrap elementor-element-populated\">\n\t\t\t\t\t\t<div class=\"elementor-element elementor-element-624fd1c elementor-widget-divider--view-line elementor-widget elementor-widget-divider\" data-id=\"624fd1c\" data-element_type=\"widget\" data-e-type=\"widget\" data-widget_type=\"divider.default\">\n\t\t\t\t<div class=\"elementor-widget-container\">\n\t\t\t\t\t\t\t<div class=\"elementor-divider\">\n\t\t\t<span class=\"elementor-divider-separator\">\n\t\t\t\t\t\t<\/span>\n\t\t<\/div>\n\t\t\t\t\t\t<\/div>\n\t\t\t\t<\/div>\n\t\t\t\t<div class=\"elementor-element elementor-element-c05cf28 elementor-widget elementor-widget-heading\" data-id=\"c05cf28\" data-element_type=\"widget\" data-e-type=\"widget\" data-widget_type=\"heading.default\">\n\t\t\t\t<div class=\"elementor-widget-container\">\n\t\t\t\t\t<h2 class=\"elementor-heading-title elementor-size-default\">Temas<\/h2>\t\t\t\t<\/div>\n\t\t\t\t<\/div>\n\t\t\t\t\t<\/div>\n\t\t<\/div>\n\t\t\t\t\t<\/div>\n\t\t<\/section>\n\t\t\t\t<section data-particle_enable=\"false\" data-particle-mobile-disabled=\"false\" class=\"elementor-section elementor-top-section elementor-element elementor-element-dc5ab82 elementor-section-boxed elementor-section-height-default elementor-section-height-default\" data-id=\"dc5ab82\" data-element_type=\"section\" data-e-type=\"section\">\n\t\t\t\t\t\t<div class=\"elementor-container elementor-column-gap-default\">\n\t\t\t\t\t<div class=\"elementor-column elementor-col-50 elementor-top-column elementor-element elementor-element-8479380\" data-id=\"8479380\" data-element_type=\"column\" data-e-type=\"column\">\n\t\t\t<div class=\"elementor-widget-wrap elementor-element-populated\">\n\t\t\t\t\t\t<div class=\"elementor-element elementor-element-e8e787a eael-interactive-card-rear-img-align-top elementor-widget elementor-widget-eael-interactive-card\" data-id=\"e8e787a\" data-element_type=\"widget\" data-e-type=\"widget\" data-widget_type=\"eael-interactive-card.default\">\n\t\t\t\t<div class=\"elementor-widget-container\">\n\t\t\t\t\t\n\t\t<div id=\"interactive-card-e8e787a\" class=\"interactive-card\" data-interactive-card-id=\"e8e787a\" data-animation=\"content-show\" data-animation-time=\"400\">\n\t\t\t\t\t\t\t<div class=\"front-content front-text-content\">\n\t\t\t\t\t<div class=\"image-screen\">\n\t\t\t\t\t\t<div class=\"header\">\n\t\t\t\t\t\t\t<h1 class=\"card-number\">1<\/h1>\t\t\t\t\t\t\t\t\t\t\t\t\t\t\t<h2 class=\"title\">Formaci\u00f3n en alternancia <\/h2>\n\t\t\t\t\t\t\t\t\t\t\t\t\t<\/div>\n\t\t\t\t\t\t\t\t\t\t\t\t\t\t\t\t\t\t\t\t\t<div class=\"front-text-body\">\n\t\t\t\t\t\t\t\t\t<pre>El impacto de la formaci\u00f3n basada en el trabajo en el desarrollo de competencias modernas.<\/pre>\t\t\t\t\t\t\t\t<\/div>\n\t\t\t\t\t\t\t\t\t\t\t\t\t\t\t\t\t\t\t\t\t\t\t\t\t\t<div class=\"footer\">\n\t\t\t\t\t\t\t\t<a href=\"javascript:;\" class=\"interactive-btn\">\n\t\t\t\t\t\t\t\t\tM\u00e1s\t\t\t\t\t\t\t\t<\/a>\n\t\t\t\t\t\t\t<\/div>\n\t\t\t\t\t\t\t\t\t\t\t<\/div>\n\t\t\t\t<\/div>\n\t\t\t\n\t\t\t<div class=\"content\">\n\t\t\t\t<span class=\"close close-me\">\n\t\t\t\t\t<i class=\"fas fa-times\"><\/i>\t\t\t\t<\/span>\n\t\t\t\t\t\t\t\t\t<div class=\"content-inner\">\n\t\t\t\t\t\t<div class=\"text\">\n\t\t\t\t\t\t\t<div class=\"text-inner\">\n\t\t\t\t\t\t\t\t\t\t\t\t\t\t\t\t\t<h2 class=\"title\">Formaci\u00f3n en alternancia<\/h2>\n\t\t\t\t\t\t\t\t\t\t\t\t\t\t\t\t\t\t\t\t\t\t\t\t\t<p style=\"text-align: justify\">Se debatir\u00e1 c\u00f3mo las organizaciones pueden implantar programas eficaces de formaci\u00f3n en el trabajo, los beneficios tanto para los empleados como para los empresarios, y casos reales de \u00e9xito que ponen de relieve su potencial para mejorar <strong>productividad<\/strong>, <strong>compromiso<\/strong>y <strong>crecimiento a largo plazo<\/strong>.<\/p>\n\t\t\t\t\t\t\t\t\t\t\t\t\t\t\t\t\t\t\t\t\t\t\t<\/div>\n\t\t\t\t\t\t<\/div>\n\t\t\t\t\t\t\t\t\t\t\t\t\t<div class=\"image\"><\/div>\n\t\t\t\t\t\t\t\t\t\t\t<\/div>\n\t\t\t\t\t\t\t<\/div>\n\t\t<\/div>\n\t\t\t\t\t<\/div>\n\t\t\t\t<\/div>\n\t\t\t\t\t<\/div>\n\t\t<\/div>\n\t\t\t\t<div class=\"elementor-column elementor-col-50 elementor-top-column elementor-element elementor-element-3d2a74c\" data-id=\"3d2a74c\" data-element_type=\"column\" data-e-type=\"column\">\n\t\t\t<div class=\"elementor-widget-wrap elementor-element-populated\">\n\t\t\t\t\t\t<div class=\"elementor-element elementor-element-15d4137 eael-interactive-card-rear-img-align-top elementor-widget elementor-widget-eael-interactive-card\" data-id=\"15d4137\" data-element_type=\"widget\" data-e-type=\"widget\" data-widget_type=\"eael-interactive-card.default\">\n\t\t\t\t<div class=\"elementor-widget-container\">\n\t\t\t\t\t\n\t\t<div id=\"interactive-card-15d4137\" class=\"interactive-card\" data-interactive-card-id=\"15d4137\" data-animation=\"content-show\" data-animation-time=\"400\">\n\t\t\t\t\t\t\t<div class=\"front-content front-text-content\">\n\t\t\t\t\t<div class=\"image-screen\">\n\t\t\t\t\t\t<div class=\"header\">\n\t\t\t\t\t\t\t<h1 class=\"card-number\">2<\/h1>\t\t\t\t\t\t\t\t\t\t\t\t\t\t\t<h2 class=\"title\">D\u00e9ficit de competencias <\/h2>\n\t\t\t\t\t\t\t\t\t\t\t\t\t<\/div>\n\t\t\t\t\t\t\t\t\t\t\t\t\t\t\t\t\t\t\t\t\t<div class=\"front-text-body\">\n\t\t\t\t\t\t\t\t\t<pre>A medida que avanza la tecnolog\u00eda y evolucionan las industrias, muchas empresas luchan por encontrar trabajadores con las cualificaciones adecuadas para satisfacer las nuevas demandas. <\/pre>\t\t\t\t\t\t\t\t<\/div>\n\t\t\t\t\t\t\t\t\t\t\t\t\t\t\t\t\t\t\t\t\t\t\t\t\t\t<div class=\"footer\">\n\t\t\t\t\t\t\t\t<a href=\"javascript:;\" class=\"interactive-btn\">\n\t\t\t\t\t\t\t\t\tM\u00e1s\t\t\t\t\t\t\t\t<\/a>\n\t\t\t\t\t\t\t<\/div>\n\t\t\t\t\t\t\t\t\t\t\t<\/div>\n\t\t\t\t<\/div>\n\t\t\t\n\t\t\t<div class=\"content\">\n\t\t\t\t<span class=\"close close-me\">\n\t\t\t\t\t<i class=\"fas fa-times\"><\/i>\t\t\t\t<\/span>\n\t\t\t\t\t\t\t\t\t<div class=\"content-inner\">\n\t\t\t\t\t\t<div class=\"text\">\n\t\t\t\t\t\t\t<div class=\"text-inner\">\n\t\t\t\t\t\t\t\t\t\t\t\t\t\t\t\t\t<h2 class=\"title\">D\u00e9ficit de competencias <\/h2>\n\t\t\t\t\t\t\t\t\t\t\t\t\t\t\t\t\t\t\t\t\t\t\t\t\t<p style=\"text-align: justify\">Se debatir\u00e1n estrategias para colmar esta laguna, entre ellas <strong>mejora de las cualificaciones<\/strong>, <strong>reciclaje<\/strong>y <strong>colaboraci\u00f3n entre instituciones educativas y empresas<\/strong>. Si afrontamos este reto, podremos preparar una mano de obra preparada para prosperar en la econom\u00eda del futuro.<\/p>\n\t\t\t\t\t\t\t\t\t\t\t\t\t\t\t\t\t\t\t\t\t\t\t<\/div>\n\t\t\t\t\t\t<\/div>\n\t\t\t\t\t\t\t\t\t\t\t\t\t<div class=\"image\"><\/div>\n\t\t\t\t\t\t\t\t\t\t\t<\/div>\n\t\t\t\t\t\t\t<\/div>\n\t\t<\/div>\n\t\t\t\t\t<\/div>\n\t\t\t\t<\/div>\n\t\t\t\t\t<\/div>\n\t\t<\/div>\n\t\t\t\t\t<\/div>\n\t\t<\/section>\n\t\t\t\t<section data-particle_enable=\"false\" data-particle-mobile-disabled=\"false\" class=\"elementor-section elementor-top-section elementor-element elementor-element-58990ac elementor-section-boxed elementor-section-height-default elementor-section-height-default\" data-id=\"58990ac\" data-element_type=\"section\" data-e-type=\"section\">\n\t\t\t\t\t\t<div class=\"elementor-container elementor-column-gap-default\">\n\t\t\t\t\t<div class=\"elementor-column elementor-col-100 elementor-top-column elementor-element elementor-element-9372192\" data-id=\"9372192\" data-element_type=\"column\" data-e-type=\"column\">\n\t\t\t<div class=\"elementor-widget-wrap elementor-element-populated\">\n\t\t\t\t\t\t<div class=\"elementor-element elementor-element-25dd38c elementor-widget elementor-widget-text-editor\" data-id=\"25dd38c\" data-element_type=\"widget\" data-e-type=\"widget\" data-widget_type=\"text-editor.default\">\n\t\t\t\t<div class=\"elementor-widget-container\">\n\t\t\t\t\t\t\t\t\t<ul><li style=\"text-align: justify;\"><strong>Conferencias magistrales inspiradoras: <\/strong>Escuche a destacados expertos e innovadores que compartir\u00e1n su visi\u00f3n del futuro de la formaci\u00f3n profesional, centr\u00e1ndose en la formaci\u00f3n basada en el trabajo y su papel en la mejora del desarrollo profesional.<\/li><li style=\"text-align: justify;\"><strong>Debates interesantes: <\/strong>Participe en conversaciones din\u00e1micas sobre las \u00faltimas tendencias, retos y oportunidades de la educaci\u00f3n empresarial, con especial \u00e9nfasis en el aumento de las oportunidades de empleo mediante una formaci\u00f3n eficaz basada en el trabajo.<\/li><li style=\"text-align: justify;\"><strong>Oportunidades de trabajo en red: <\/strong>Con\u00e9ctese con profesionales afines, socios potenciales y partes interesadas clave de toda la regi\u00f3n, y explore los esfuerzos de colaboraci\u00f3n para avanzar en el desarrollo profesional e impulsar las oportunidades de empleo.<\/li><li style=\"text-align: justify;\"><span class=\"OYPEnA font-feature-liga-off font-feature-clig-off font-feature-calt-off text-decoration-none text-strikethrough-none\"><strong>Charlas TED - \u00a1Insp\u00edrate!<\/strong>: <\/span><span class=\"OYPEnA font-feature-liga-off font-feature-clig-off font-feature-calt-off text-decoration-none text-strikethrough-none\">Descubra enfoques innovadores de la formaci\u00f3n en el lugar de trabajo, Las organizaciones participantes presentar\u00e1n sus enfoques innovadores, aportando valiosas ideas sobre las mejores pr\u00e1cticas de \u00e9xito.<\/span><\/li><\/ul>\t\t\t\t\t\t\t\t<\/div>\n\t\t\t\t<\/div>\n\t\t\t\t\t<\/div>\n\t\t<\/div>\n\t\t\t\t\t<\/div>\n\t\t<\/section>\n\t\t\t\t<section data-particle_enable=\"false\" data-particle-mobile-disabled=\"false\" class=\"elementor-section elementor-top-section elementor-element elementor-element-08c7f51 elementor-section-boxed elementor-section-height-default elementor-section-height-default\" data-id=\"08c7f51\" data-element_type=\"section\" data-e-type=\"section\">\n\t\t\t\t\t\t<div class=\"elementor-container elementor-column-gap-default\">\n\t\t\t\t\t<div class=\"elementor-column elementor-col-100 elementor-top-column elementor-element elementor-element-fad1e75\" data-id=\"fad1e75\" data-element_type=\"column\" data-e-type=\"column\">\n\t\t\t<div class=\"elementor-widget-wrap elementor-element-populated\">\n\t\t\t\t\t\t<div class=\"elementor-element elementor-element-45eeb13 elementor-widget-divider--view-line elementor-widget elementor-widget-divider\" data-id=\"45eeb13\" data-element_type=\"widget\" data-e-type=\"widget\" data-widget_type=\"divider.default\">\n\t\t\t\t<div class=\"elementor-widget-container\">\n\t\t\t\t\t\t\t<div class=\"elementor-divider\">\n\t\t\t<span class=\"elementor-divider-separator\">\n\t\t\t\t\t\t<\/span>\n\t\t<\/div>\n\t\t\t\t\t\t<\/div>\n\t\t\t\t<\/div>\n\t\t\t\t<div class=\"elementor-element elementor-element-e82db86 elementor-widget elementor-widget-text-editor\" data-id=\"e82db86\" data-element_type=\"widget\" data-e-type=\"widget\" data-widget_type=\"text-editor.default\">\n\t\t\t\t<div class=\"elementor-widget-container\">\n\t\t\t\t\t\t\t\t\t<p>El programa y los ponentes de la Cumbre Skills4LAC ya est\u00e1n confirmados. Puede consultar el programa completo y las biograf\u00edas de los ponentes en nuestras p\u00e1ginas. Si tiene alguna pregunta, no dude en ponerse en contacto con nuestro equipo de organizaci\u00f3n a trav\u00e9s del correo electr\u00f3nico <strong data-start=\"272\" data-end=\"286\">Contacte con nosotros<\/strong> bot\u00f3n.<\/p>\t\t\t\t\t\t\t\t<\/div>\n\t\t\t\t<\/div>\n\t\t\t\t<div class=\"elementor-element elementor-element-134f5a5 elementor-align-center elementor-widget elementor-widget-button\" data-id=\"134f5a5\" data-element_type=\"widget\" data-e-type=\"widget\" data-widget_type=\"button.default\">\n\t\t\t\t<div class=\"elementor-widget-container\">\n\t\t\t\t\t\t\t\t\t<div class=\"elementor-button-wrapper\">\n\t\t\t\t\t<a class=\"elementor-button elementor-button-link elementor-size-sm\" href=\"https:\/\/skills4lac.penworldwide.org\/contact\/\">\n\t\t\t\t\t\t<span class=\"elementor-button-content-wrapper\">\n\t\t\t\t\t\t\t\t\t<span class=\"elementor-button-text\">P\u00f3ngase en contacto con nosotros<\/span>\n\t\t\t\t\t<\/span>\n\t\t\t\t\t<\/a>\n\t\t\t\t<\/div>\n\t\t\t\t\t\t\t\t<\/div>\n\t\t\t\t<\/div>\n\t\t\t\t\t<\/div>\n\t\t<\/div>\n\t\t\t\t\t<\/div>\n\t\t<\/section>\n\t\t\t\t<\/div>","protected":false},"excerpt":{"rendered":"<p>Cumbre La Cumbre Skills4LAC 2025 es un foro \u00fanico para que profesionales de Am\u00e9rica Latina y el Caribe, as\u00ed como expertos mundiales, participen en sesiones informativas e intercambios sobre ...<\/p>","protected":false},"author":147,"featured_media":0,"parent":0,"menu_order":0,"comment_status":"closed","ping_status":"closed","template":"","meta":{"footnotes":""},"class_list":["post-8272","page","type-page","status-publish","hentry"],"_links":{"self":[{"href":"http:\/\/skills4lac.penworldwide.org\/es\/wp-json\/wp\/v2\/pages\/8272","targetHints":{"allow":["GET"]}}],"collection":[{"href":"http:\/\/skills4lac.penworldwide.org\/es\/wp-json\/wp\/v2\/pages"}],"about":[{"href":"http:\/\/skills4lac.penworldwide.org\/es\/wp-json\/wp\/v2\/types\/page"}],"author":[{"embeddable":true,"href":"http:\/\/skills4lac.penworldwide.org\/es\/wp-json\/wp\/v2\/users\/147"}],"replies":[{"embeddable":true,"href":"http:\/\/skills4lac.penworldwide.org\/es\/wp-json\/wp\/v2\/comments?post=8272"}],"version-history":[{"count":86,"href":"http:\/\/skills4lac.penworldwide.org\/es\/wp-json\/wp\/v2\/pages\/8272\/revisions"}],"predecessor-version":[{"id":10052,"href":"http:\/\/skills4lac.penworldwide.org\/es\/wp-json\/wp\/v2\/pages\/8272\/revisions\/10052"}],"wp:attachment":[{"href":"http:\/\/skills4lac.penworldwide.org\/es\/wp-json\/wp\/v2\/media?parent=8272"}],"curies":[{"name":"wp","href":"https:\/\/api.w.org\/{rel}","templated":true}]}}